{"id":1416,"date":"2023-07-12T07:49:50","date_gmt":"2023-07-12T07:49:50","guid":{"rendered":"https:\/\/armar.is\/log-in\/"},"modified":"2023-08-19T12:49:10","modified_gmt":"2023-08-19T12:49:10","slug":"log-in","status":"publish","type":"page","link":"https:\/\/armar.is\/en\/log-in\/","title":{"rendered":"Log in"},"content":{"rendered":"\t\t<div data-elementor-type=\"wp-page\" data-elementor-id=\"1416\" class=\"elementor elementor-1416 elementor-1062\" data-elementor-post-type=\"page\">\n\t\t\t\t\t\t<section class=\"elementor-section elementor-top-section elementor-element elementor-element-459a0da6 elementor-section-full_width elementor-section-height-full elementor-section-height-default elementor-section-items-middle\" data-id=\"459a0da6\" data-element_type=\"section\" data-e-type=\"section\" data-settings=\"{&quot;background_background&quot;:&quot;classic&quot;}\">\n\t\t\t\t\t\t<div class=\"elementor-container elementor-column-gap-no\">\n\t\t\t\t\t<div class=\"elementor-column elementor-col-50 elementor-top-column elementor-element elementor-element-6a1feca6\" data-id=\"6a1feca6\" data-element_type=\"column\" data-e-type=\"column\" data-settings=\"{&quot;background_background&quot;:&quot;classic&quot;}\">\n\t\t\t<div class=\"elementor-widget-wrap elementor-element-populated\">\n\t\t\t\t\t\t<div class=\"elementor-element elementor-element-37934688 elementor-hidden-mobile elementor-widget elementor-widget-image\" data-id=\"37934688\" data-element_type=\"widget\" data-e-type=\"widget\" data-widget_type=\"image.default\">\n\t\t\t\t<div class=\"elementor-widget-container\">\n\t\t\t\t\t\t\t\t\t\t\t\t\t\t\t<img fetchpriority=\"high\" decoding=\"async\" width=\"280\" height=\"505\" src=\"https:\/\/armar.is\/wp-content\/uploads\/2023\/06\/logo-armar.svg\" class=\"attachment-full size-full wp-image-1115\" alt=\"\" \/>\t\t\t\t\t\t\t\t\t\t\t\t\t\t\t<\/div>\n\t\t\t\t<\/div>\n\t\t\t\t<div class=\"elementor-element elementor-element-7e5b391 elementor-hidden-desktop elementor-hidden-tablet elementor-widget elementor-widget-image\" data-id=\"7e5b391\" data-element_type=\"widget\" data-e-type=\"widget\" data-widget_type=\"image.default\">\n\t\t\t\t<div class=\"elementor-widget-container\">\n\t\t\t\t\t\t\t\t\t\t\t\t\t\t\t<img decoding=\"async\" width=\"193\" height=\"38\" data-src=\"https:\/\/armar.is\/wp-content\/uploads\/2023\/07\/logo-armar.png\" class=\"attachment-full size-full wp-image-1400 lazyload\" alt=\"\" src=\"data:image\/svg+xml;base64,PHN2ZyB3aWR0aD0iMSIgaGVpZ2h0PSIxIiB4bWxucz0iaHR0cDovL3d3dy53My5vcmcvMjAwMC9zdmciPjwvc3ZnPg==\" style=\"--smush-placeholder-width: 193px; --smush-placeholder-aspect-ratio: 193\/38;\" \/>\t\t\t\t\t\t\t\t\t\t\t\t\t\t\t<\/div>\n\t\t\t\t<\/div>\n\t\t\t\t\t<\/div>\n\t\t<\/div>\n\t\t\t\t<div class=\"elementor-column elementor-col-50 elementor-top-column elementor-element elementor-element-5ebc11e login-page\" data-id=\"5ebc11e\" data-element_type=\"column\" data-e-type=\"column\" data-settings=\"{&quot;background_background&quot;:&quot;classic&quot;}\">\n\t\t\t<div class=\"elementor-widget-wrap elementor-element-populated\">\n\t\t\t\t\t\t<section class=\"elementor-section elementor-inner-section elementor-element elementor-element-72f657ff elementor-section-height-full elementor-section-content-middle elementor-section-boxed elementor-section-height-default\" data-id=\"72f657ff\" data-element_type=\"section\" data-e-type=\"section\" data-settings=\"{&quot;background_background&quot;:&quot;classic&quot;}\">\n\t\t\t\t\t\t<div class=\"elementor-container elementor-column-gap-default\">\n\t\t\t\t\t<div class=\"elementor-column elementor-col-100 elementor-inner-column elementor-element elementor-element-74d0d07e\" data-id=\"74d0d07e\" data-element_type=\"column\" data-e-type=\"column\">\n\t\t\t<div class=\"elementor-widget-wrap elementor-element-populated\">\n\t\t\t\t\t\t<div class=\"elementor-element elementor-element-10a9d065 elementor-widget elementor-widget-heading\" data-id=\"10a9d065\" data-element_type=\"widget\" data-e-type=\"widget\" data-widget_type=\"heading.default\">\n\t\t\t\t<div class=\"elementor-widget-container\">\n\t\t\t\t\t<h1 class=\"elementor-heading-title elementor-size-default\">Welcome back!\n<\/h1>\t\t\t\t<\/div>\n\t\t\t\t<\/div>\n\t\t\t\t<div class=\"elementor-element elementor-element-672d06b1 elementor-widget elementor-widget-shortcode\" data-id=\"672d06b1\" data-element_type=\"widget\" data-e-type=\"widget\" data-widget_type=\"shortcode.default\">\n\t\t\t\t<div class=\"elementor-widget-container\">\n\t\t\t\t\t\t\t<div class=\"elementor-shortcode\">[lrm_form default_tab=\"login\" logged_in_message=\"You are currently logged in!\"]<\/div>\n\t\t\t\t\t\t<\/div>\n\t\t\t\t<\/div>\n\t\t\t\t<div class=\"elementor-element elementor-element-7798cf24 elementor-hidden-desktop elementor-hidden-tablet elementor-hidden-mobile elementor-widget elementor-widget-text-editor\" data-id=\"7798cf24\" data-element_type=\"widget\" data-e-type=\"widget\" data-widget_type=\"text-editor.default\">\n\t\t\t\t<div class=\"elementor-widget-container\">\n\t\t\t\t\t\t\t\t\t<p>Ertu ekki me\u00f0 reikning n\u00fa \u00feegar? <a href=\"\/register\/\">Skr\u00e1\u00f0u \u00feig<\/a>.<\/p>\n\t\t\t\t\t\t\t\t<\/div>\n\t\t\t\t<\/div>\n\t\t\t\t\t<\/div>\n\t\t<\/div>\n\t\t\t\t\t<\/div>\n\t\t<\/section>\n\t\t\t\t\t<\/div>\n\t\t<\/div>\n\t\t\t\t\t<\/div>\n\t\t<\/section>\n\t\t\t\t<\/div>\n\t\t","protected":false},"excerpt":{"rendered":"<p>Welcome back! [lrm_form default_tab=&#8221;login&#8221; logged_in_message=&#8221;You are currently logged in!&#8221;] Ertu ekki me\u00f0 reikning n\u00fa \u00feegar? Skr\u00e1\u00f0u \u00feig.<\/p>\n","protected":false},"author":1,"featured_media":0,"parent":0,"menu_order":2,"comment_status":"closed","ping_status":"closed","template":"","meta":{"_acf_changed":false,"footnotes":""},"class_list":["post-1416","page","type-page","status-publish","hentry"],"acf":[],"yoast_head":"<!-- This site is optimized with the Yoast SEO plugin v27.3 - https:\/\/yoast.com\/product\/yoast-seo-wordpress\/ -->\n<title>Log in - Armar<\/title>\n<meta name=\"robots\" content=\"index, follow, max-snippet:-1, max-image-preview:large, max-video-preview:-1\" \/>\n<link rel=\"canonical\" href=\"https:\/\/armar.is\/en\/log-in\/\" \/>\n<meta property=\"og:locale\" content=\"en_US\" \/>\n<meta property=\"og:type\" content=\"article\" \/>\n<meta property=\"og:title\" content=\"Log in - Armar\" \/>\n<meta property=\"og:description\" content=\"Welcome back! [lrm_form default_tab=&#8221;login&#8221; logged_in_message=&#8221;You are currently logged in!&#8221;] Ertu ekki me\u00f0 reikning n\u00fa \u00feegar? Skr\u00e1\u00f0u \u00feig.\" \/>\n<meta property=\"og:url\" content=\"https:\/\/armar.is\/en\/log-in\/\" \/>\n<meta property=\"og:site_name\" content=\"Armar\" \/>\n<meta property=\"article:publisher\" content=\"https:\/\/www.facebook.com\/armarvinnuvelar\" \/>\n<meta property=\"article:modified_time\" content=\"2023-08-19T12:49:10+00:00\" \/>\n<meta property=\"og:image\" content=\"https:\/\/armar.is\/wp-content\/uploads\/2023\/06\/logo-armar.svg\" \/>\n<meta name=\"twitter:card\" content=\"summary_large_image\" \/>\n<script type=\"application\/ld+json\" class=\"yoast-schema-graph\">{\"@context\":\"https:\\\/\\\/schema.org\",\"@graph\":[{\"@type\":\"WebPage\",\"@id\":\"https:\\\/\\\/armar.is\\\/en\\\/log-in\\\/\",\"url\":\"https:\\\/\\\/armar.is\\\/en\\\/log-in\\\/\",\"name\":\"Log in - Armar\",\"isPartOf\":{\"@id\":\"https:\\\/\\\/armar.is\\\/en\\\/#website\"},\"primaryImageOfPage\":{\"@id\":\"https:\\\/\\\/armar.is\\\/en\\\/log-in\\\/#primaryimage\"},\"image\":{\"@id\":\"https:\\\/\\\/armar.is\\\/en\\\/log-in\\\/#primaryimage\"},\"thumbnailUrl\":\"https:\\\/\\\/armar.is\\\/wp-content\\\/uploads\\\/2023\\\/06\\\/logo-armar.svg\",\"datePublished\":\"2023-07-12T07:49:50+00:00\",\"dateModified\":\"2023-08-19T12:49:10+00:00\",\"breadcrumb\":{\"@id\":\"https:\\\/\\\/armar.is\\\/en\\\/log-in\\\/#breadcrumb\"},\"inLanguage\":\"en-US\",\"potentialAction\":[{\"@type\":\"ReadAction\",\"target\":[\"https:\\\/\\\/armar.is\\\/en\\\/log-in\\\/\"]}]},{\"@type\":\"ImageObject\",\"inLanguage\":\"en-US\",\"@id\":\"https:\\\/\\\/armar.is\\\/en\\\/log-in\\\/#primaryimage\",\"url\":\"https:\\\/\\\/armar.is\\\/wp-content\\\/uploads\\\/2023\\\/06\\\/logo-armar.svg\",\"contentUrl\":\"https:\\\/\\\/armar.is\\\/wp-content\\\/uploads\\\/2023\\\/06\\\/logo-armar.svg\"},{\"@type\":\"BreadcrumbList\",\"@id\":\"https:\\\/\\\/armar.is\\\/en\\\/log-in\\\/#breadcrumb\",\"itemListElement\":[{\"@type\":\"ListItem\",\"position\":1,\"name\":\"Home\",\"item\":\"https:\\\/\\\/armar.is\\\/en\\\/\"},{\"@type\":\"ListItem\",\"position\":2,\"name\":\"Log in\"}]},{\"@type\":\"WebSite\",\"@id\":\"https:\\\/\\\/armar.is\\\/en\\\/#website\",\"url\":\"https:\\\/\\\/armar.is\\\/en\\\/\",\"name\":\"Armar\",\"description\":\"Vi\u00f0 byggjum \u00e1 reynslunni!\",\"publisher\":{\"@id\":\"https:\\\/\\\/armar.is\\\/en\\\/#organization\"},\"potentialAction\":[{\"@type\":\"SearchAction\",\"target\":{\"@type\":\"EntryPoint\",\"urlTemplate\":\"https:\\\/\\\/armar.is\\\/en\\\/?s={search_term_string}\"},\"query-input\":{\"@type\":\"PropertyValueSpecification\",\"valueRequired\":true,\"valueName\":\"search_term_string\"}}],\"inLanguage\":\"en-US\"},{\"@type\":\"Organization\",\"@id\":\"https:\\\/\\\/armar.is\\\/en\\\/#organization\",\"name\":\"Armar.is\",\"url\":\"https:\\\/\\\/armar.is\\\/en\\\/\",\"logo\":{\"@type\":\"ImageObject\",\"inLanguage\":\"en-US\",\"@id\":\"https:\\\/\\\/armar.is\\\/en\\\/#\\\/schema\\\/logo\\\/image\\\/\",\"url\":\"https:\\\/\\\/armar.is\\\/wp-content\\\/uploads\\\/2023\\\/06\\\/Armar-Logo.svg\",\"contentUrl\":\"https:\\\/\\\/armar.is\\\/wp-content\\\/uploads\\\/2023\\\/06\\\/Armar-Logo.svg\",\"width\":200,\"height\":40,\"caption\":\"Armar.is\"},\"image\":{\"@id\":\"https:\\\/\\\/armar.is\\\/en\\\/#\\\/schema\\\/logo\\\/image\\\/\"},\"sameAs\":[\"https:\\\/\\\/www.facebook.com\\\/armarvinnuvelar\"]}]}<\/script>\n<!-- \/ Yoast SEO plugin. -->","yoast_head_json":{"title":"Log in - Armar","robots":{"index":"index","follow":"follow","max-snippet":"max-snippet:-1","max-image-preview":"max-image-preview:large","max-video-preview":"max-video-preview:-1"},"canonical":"https:\/\/armar.is\/en\/log-in\/","og_locale":"en_US","og_type":"article","og_title":"Log in - Armar","og_description":"Welcome back! [lrm_form default_tab=&#8221;login&#8221; logged_in_message=&#8221;You are currently logged in!&#8221;] Ertu ekki me\u00f0 reikning n\u00fa \u00feegar? Skr\u00e1\u00f0u \u00feig.","og_url":"https:\/\/armar.is\/en\/log-in\/","og_site_name":"Armar","article_publisher":"https:\/\/www.facebook.com\/armarvinnuvelar","article_modified_time":"2023-08-19T12:49:10+00:00","og_image":[{"url":"https:\/\/armar.is\/wp-content\/uploads\/2023\/06\/logo-armar.svg","type":"","width":"","height":""}],"twitter_card":"summary_large_image","schema":{"@context":"https:\/\/schema.org","@graph":[{"@type":"WebPage","@id":"https:\/\/armar.is\/en\/log-in\/","url":"https:\/\/armar.is\/en\/log-in\/","name":"Log in - Armar","isPartOf":{"@id":"https:\/\/armar.is\/en\/#website"},"primaryImageOfPage":{"@id":"https:\/\/armar.is\/en\/log-in\/#primaryimage"},"image":{"@id":"https:\/\/armar.is\/en\/log-in\/#primaryimage"},"thumbnailUrl":"https:\/\/armar.is\/wp-content\/uploads\/2023\/06\/logo-armar.svg","datePublished":"2023-07-12T07:49:50+00:00","dateModified":"2023-08-19T12:49:10+00:00","breadcrumb":{"@id":"https:\/\/armar.is\/en\/log-in\/#breadcrumb"},"inLanguage":"en-US","potentialAction":[{"@type":"ReadAction","target":["https:\/\/armar.is\/en\/log-in\/"]}]},{"@type":"ImageObject","inLanguage":"en-US","@id":"https:\/\/armar.is\/en\/log-in\/#primaryimage","url":"https:\/\/armar.is\/wp-content\/uploads\/2023\/06\/logo-armar.svg","contentUrl":"https:\/\/armar.is\/wp-content\/uploads\/2023\/06\/logo-armar.svg"},{"@type":"BreadcrumbList","@id":"https:\/\/armar.is\/en\/log-in\/#breadcrumb","itemListElement":[{"@type":"ListItem","position":1,"name":"Home","item":"https:\/\/armar.is\/en\/"},{"@type":"ListItem","position":2,"name":"Log in"}]},{"@type":"WebSite","@id":"https:\/\/armar.is\/en\/#website","url":"https:\/\/armar.is\/en\/","name":"Armar","description":"Vi\u00f0 byggjum \u00e1 reynslunni!","publisher":{"@id":"https:\/\/armar.is\/en\/#organization"},"potentialAction":[{"@type":"SearchAction","target":{"@type":"EntryPoint","urlTemplate":"https:\/\/armar.is\/en\/?s={search_term_string}"},"query-input":{"@type":"PropertyValueSpecification","valueRequired":true,"valueName":"search_term_string"}}],"inLanguage":"en-US"},{"@type":"Organization","@id":"https:\/\/armar.is\/en\/#organization","name":"Armar.is","url":"https:\/\/armar.is\/en\/","logo":{"@type":"ImageObject","inLanguage":"en-US","@id":"https:\/\/armar.is\/en\/#\/schema\/logo\/image\/","url":"https:\/\/armar.is\/wp-content\/uploads\/2023\/06\/Armar-Logo.svg","contentUrl":"https:\/\/armar.is\/wp-content\/uploads\/2023\/06\/Armar-Logo.svg","width":200,"height":40,"caption":"Armar.is"},"image":{"@id":"https:\/\/armar.is\/en\/#\/schema\/logo\/image\/"},"sameAs":["https:\/\/www.facebook.com\/armarvinnuvelar"]}]}},"_links":{"self":[{"href":"https:\/\/armar.is\/en\/wp-json\/wp\/v2\/pages\/1416","targetHints":{"allow":["GET"]}}],"collection":[{"href":"https:\/\/armar.is\/en\/wp-json\/wp\/v2\/pages"}],"about":[{"href":"https:\/\/armar.is\/en\/wp-json\/wp\/v2\/types\/page"}],"author":[{"embeddable":true,"href":"https:\/\/armar.is\/en\/wp-json\/wp\/v2\/users\/1"}],"replies":[{"embeddable":true,"href":"https:\/\/armar.is\/en\/wp-json\/wp\/v2\/comments?post=1416"}],"version-history":[{"count":0,"href":"https:\/\/armar.is\/en\/wp-json\/wp\/v2\/pages\/1416\/revisions"}],"wp:attachment":[{"href":"https:\/\/armar.is\/en\/wp-json\/wp\/v2\/media?parent=1416"}],"curies":[{"name":"wp","href":"https:\/\/api.w.org\/{rel}","templated":true}]}}