{"id":2007,"date":"2024-07-06T16:12:51","date_gmt":"2024-07-06T16:12:51","guid":{"rendered":"https:\/\/armar.is\/spare-parts\/"},"modified":"2025-01-19T18:18:56","modified_gmt":"2025-01-19T18:18:56","slug":"spare-parts","status":"publish","type":"page","link":"https:\/\/armar.is\/en\/spare-parts\/","title":{"rendered":"spare parts"},"content":{"rendered":"\t\t<div data-elementor-type=\"wp-page\" data-elementor-id=\"2007\" class=\"elementor elementor-2007 elementor-2005\" data-elementor-post-type=\"page\">\n\t\t\t\t\t\t<section class=\"elementor-section elementor-top-section elementor-element elementor-element-457eb6e1 elementor-section-boxed elementor-section-height-default elementor-section-height-default\" data-id=\"457eb6e1\" data-element_type=\"section\" data-e-type=\"section\" data-settings=\"{&quot;background_background&quot;:&quot;classic&quot;}\">\n\t\t\t\t\t\t\t<div class=\"elementor-background-overlay\"><\/div>\n\t\t\t\t\t\t\t<div class=\"elementor-container elementor-column-gap-default\">\n\t\t\t\t\t<div class=\"elementor-column elementor-col-100 elementor-top-column elementor-element elementor-element-d1ca3d4\" data-id=\"d1ca3d4\" data-element_type=\"column\" data-e-type=\"column\">\n\t\t\t<div class=\"elementor-widget-wrap elementor-element-populated\">\n\t\t\t\t\t\t<section class=\"elementor-section elementor-inner-section elementor-element elementor-element-58e6b53b elementor-section-content-middle elementor-section-boxed elementor-section-height-default elementor-section-height-default\" data-id=\"58e6b53b\" data-element_type=\"section\" data-e-type=\"section\">\n\t\t\t\t\t\t<div class=\"elementor-container elementor-column-gap-default\">\n\t\t\t\t\t<div class=\"elementor-column elementor-col-50 elementor-inner-column elementor-element elementor-element-61501d77\" data-id=\"61501d77\" data-element_type=\"column\" data-e-type=\"column\">\n\t\t\t<div class=\"elementor-widget-wrap elementor-element-populated\">\n\t\t\t\t\t\t<div class=\"elementor-element elementor-element-355b7b52 banner-heading elementor-widget elementor-widget-heading\" data-id=\"355b7b52\" data-element_type=\"widget\" data-e-type=\"widget\" data-aos=\"fade-down\" data-aos-delay=\"50\" data-widget_type=\"heading.default\">\n\t\t\t\t<div class=\"elementor-widget-container\">\n\t\t\t\t\t<h1 class=\"elementor-heading-title elementor-size-default\">spare parts<\/h1>\t\t\t\t<\/div>\n\t\t\t\t<\/div>\n\t\t\t\t\t<\/div>\n\t\t<\/div>\n\t\t\t\t<div class=\"elementor-column elementor-col-50 elementor-inner-column elementor-element elementor-element-37439358\" data-id=\"37439358\" data-element_type=\"column\" data-e-type=\"column\">\n\t\t\t<div class=\"elementor-widget-wrap\">\n\t\t\t\t\t\t\t<\/div>\n\t\t<\/div>\n\t\t\t\t\t<\/div>\n\t\t<\/section>\n\t\t\t\t\t<\/div>\n\t\t<\/div>\n\t\t\t\t\t<\/div>\n\t\t<\/section>\n\t\t\t\t<section class=\"elementor-section elementor-top-section elementor-element elementor-element-19e7cee elementor-section-boxed elementor-section-height-default elementor-section-height-default\" data-id=\"19e7cee\" data-element_type=\"section\" data-e-type=\"section\">\n\t\t\t\t\t\t<div class=\"elementor-container elementor-column-gap-default\">\n\t\t\t\t\t<div class=\"elementor-column elementor-col-100 elementor-top-column elementor-element elementor-element-754df37\" data-id=\"754df37\" data-element_type=\"column\" data-e-type=\"column\">\n\t\t\t<div class=\"elementor-widget-wrap elementor-element-populated\">\n\t\t\t\t\t\t<div class=\"elementor-element elementor-element-50c1fab elementor-widget elementor-widget-elementskit-contact-form7\" data-id=\"50c1fab\" data-element_type=\"widget\" data-e-type=\"widget\" data-widget_type=\"elementskit-contact-form7.default\">\n\t\t\t\t<div class=\"elementor-widget-container\">\n\t\t\t\t\t<div class=\"ekit-wid-con\" ><div class=\"ekit-form\">\n<div class=\"wpcf7 no-js\" id=\"wpcf7-f2012-o1\" lang=\"en-US\" dir=\"ltr\" data-wpcf7-id=\"2012\">\n<div class=\"screen-reader-response\"><p role=\"status\" aria-live=\"polite\" aria-atomic=\"true\"><\/p> <ul><\/ul><\/div>\n<form action=\"\/en\/wp-json\/wp\/v2\/pages\/2007#wpcf7-f2012-o1\" method=\"post\" class=\"wpcf7-form init\" aria-label=\"Contact form\" novalidate=\"novalidate\" data-status=\"init\">\n<fieldset class=\"hidden-fields-container\"><input type=\"hidden\" name=\"_wpcf7\" value=\"2012\" \/><input type=\"hidden\" name=\"_wpcf7_version\" value=\"6.1.5\" \/><input type=\"hidden\" name=\"_wpcf7_locale\" value=\"en_US\" \/><input type=\"hidden\" name=\"_wpcf7_unit_tag\" value=\"wpcf7-f2012-o1\" \/><input type=\"hidden\" name=\"_wpcf7_container_post\" value=\"0\" \/><input type=\"hidden\" name=\"_wpcf7_posted_data_hash\" value=\"\" \/><input type=\"hidden\" name=\"_wpcf7dtx_version\" value=\"5.0.5\" \/><input type=\"hidden\" name=\"_wpcf7_recaptcha_response\" value=\"\" \/>\n<\/fieldset>\n<div id=\"form\" class=\"clearfix\">\n\t<div class=\"form-row\">\n\t\t<h4>spare parts\n\t\t<\/h4>\n\t<\/div>\n\t<div class=\"form-row\">\n\t\t<div class=\"column-half\">\n\t\t\t<p><label>ENGINE NUMBER <sup>*<\/sup><\/label><span class=\"wpcf7-form-control-wrap\" data-name=\"machine_number\"><input size=\"40\" maxlength=\"400\" class=\"wpcf7-form-control wpcf7-text wpcf7-validates-as-required\" aria-required=\"true\" aria-invalid=\"false\" value=\"\" type=\"text\" name=\"machine_number\" \/><\/span>\n\t\t\t<\/p>\n\t\t<\/div>\n\t<\/div>\n\t<div class=\"form-row\">\n\t\t<div class=\"column-full\">\n\t\t\t<p><label>DESCRIPTION OF SPARE PART <sup>*<\/sup><\/label><span class=\"wpcf7-form-control-wrap\" data-name=\"sparepart_desc\"><input size=\"40\" maxlength=\"400\" class=\"wpcf7-form-control wpcf7-text wpcf7-validates-as-required\" aria-required=\"true\" aria-invalid=\"false\" value=\"\" type=\"text\" name=\"sparepart_desc\" \/><\/span>\n\t\t\t<\/p>\n\t\t<\/div>\n\t<\/div>\n\t<div class=\"form-row\">\n\t\t<div class=\"column-full img-field\">\n\t\t\t<p><label><br \/>\nPlease upload pictures if it can help find the correct part.<\/label><span class=\"wpcf7-form-control-wrap\" data-name=\"part_img\"><input size=\"40\" class=\"wpcf7-form-control wpcf7-drag-n-drop-file d-none\" id=\"missing_part\" aria-invalid=\"false\" type=\"file\" multiple=\"multiple\" data-name=\"part_img\" data-min=\"1\" data-max=\"6\" data-id=\"2012\" data-version=\"free version 1.3.9.6\" accept=\".\" \/><\/span><span class=\"field-info\">Supported files: JPG, JPEG, PNG | Maximum size: 5MB<\/span>\n\t\t\t<\/p>\n\t\t<\/div>\n\t<\/div>\n\t<div class=\"form-row\">\n\t\t<div class=\"column-full\">\n\t\t\t<p><label>Other information<\/label><span class=\"wpcf7-form-control-wrap\" data-name=\"other_info\"><textarea cols=\"40\" rows=\"10\" maxlength=\"2000\" class=\"wpcf7-form-control wpcf7-textarea\" aria-invalid=\"false\" name=\"other_info\"><\/textarea><\/span>\n\t\t\t<\/p>\n\t\t<\/div>\n\t<\/div>\n\t<div class=\"form-row\">\n\t\t<h4><a href=\"javascript:void();\" onclick=\"toggle_div_fun('toggle_cont');\">COMPANY INFORMATION<\/a>\n\t\t<\/h4>\n\t<\/div>\n\t<div id=\"toggle_cont\" style=\"display: none;\">\n\t\t<div class=\"form-row\">\n\t\t\t<div class=\"column-half\">\n\t\t\t\t<p><label>COMPANY NAME<\/label><span class=\"wpcf7-form-control-wrap\" data-name=\"company_name\"><input size=\"40\" maxlength=\"400\" class=\"wpcf7-form-control wpcf7-text\" aria-invalid=\"false\" value=\"\" type=\"text\" name=\"company_name\" \/><\/span>\n\t\t\t\t<\/p>\n\t\t\t<\/div>\n\t\t\t<div class=\"column-half\">\n\t\t\t\t<p><label>COMPANY IDENTIFICATION NUMBER<\/label><span class=\"wpcf7-form-control-wrap\" data-name=\"company_id\"><input size=\"40\" maxlength=\"400\" class=\"wpcf7-form-control wpcf7-text\" aria-invalid=\"false\" value=\"\" type=\"text\" name=\"company_id\" \/><\/span>\n\t\t\t\t<\/p>\n\t\t\t<\/div>\n\t\t<\/div>\n\t<\/div>\n\t<div class=\"form-row\">\n\t\t<h4>CONTACT INFORMATION\n\t\t<\/h4>\n\t<\/div>\n\t<div class=\"form-row\">\n\t\t<div class=\"column-full\">\n\t\t\t<p><label>YOUR NAME <sup>*<\/sup><\/label><span class=\"wpcf7-form-control-wrap\" data-name=\"contact_name\"><input size=\"40\" maxlength=\"400\" class=\"wpcf7-form-control wpcf7-text wpcf7-validates-as-required\" aria-required=\"true\" aria-invalid=\"false\" value=\"\" type=\"text\" name=\"contact_name\" \/><\/span>\n\t\t\t<\/p>\n\t\t<\/div>\n\t<\/div>\n\t<div class=\"form-row\">\n\t\t<div class=\"column-half\">\n\t\t\t<p><label>WEBSITE ADDRESS <sup>*<\/sup><\/label><span class=\"wpcf7-form-control-wrap\" data-name=\"contact_email\"><input size=\"40\" maxlength=\"400\" class=\"wpcf7-form-control wpcf7-email wpcf7-validates-as-required wpcf7-text wpcf7-validates-as-email\" aria-required=\"true\" aria-invalid=\"false\" value=\"\" type=\"email\" name=\"contact_email\" \/><\/span>\n\t\t\t<\/p>\n\t\t<\/div>\n\t\t<div class=\"column-half\">\n\t\t\t<p><label>PHONE NUMBER <sup>*<\/sup><\/label><span class=\"wpcf7-form-control-wrap\" data-name=\"contact_phone\"><input size=\"40\" maxlength=\"400\" class=\"wpcf7-form-control wpcf7-tel wpcf7-validates-as-required wpcf7-text wpcf7-validates-as-tel\" aria-required=\"true\" aria-invalid=\"false\" value=\"\" type=\"tel\" name=\"contact_phone\" \/><\/span>\n\t\t\t<\/p>\n\t\t<\/div>\n\t<\/div>\n\t<div class=\"form-row\">\n\t\t<div class=\"column-full consent\">\n\t\t\t<p><span class=\"wpcf7-form-control-wrap\" data-name=\"terms\"><span class=\"wpcf7-form-control wpcf7-checkbox wpcf7-validates-as-required check\"><span class=\"wpcf7-list-item first last\"><input type=\"checkbox\" name=\"terms[]\" value=\"I accept the terms and conditions\" checked=\"checked\" \/><span class=\"wpcf7-list-item-label\">I accept the terms and conditions<\/span><\/span><\/span><\/span>\n\t\t\t<\/p>\n\t\t<\/div>\n\t<\/div>\n\t<div class=\"form-row\">\n\t\t<div class=\"column-full btn-row\">\n\t\t\t<p><input class=\"wpcf7-form-control wpcf7-submit has-spinner\" type=\"submit\" value=\"SEND\" \/>\n\t\t\t<\/p>\n\t\t<\/div>\n\t<\/div>\n<\/div><div class=\"wpcf7-response-output\" aria-hidden=\"true\"><\/div>\n<\/form>\n<\/div>\n<\/div><\/div>\t\t\t\t<\/div>\n\t\t\t\t<\/div>\n\t\t\t\t\t<\/div>\n\t\t<\/div>\n\t\t\t\t\t<\/div>\n\t\t<\/section>\n\t\t\t\t<\/div>\n\t\t","protected":false},"excerpt":{"rendered":"<p>Varahlutir ERTU ME\u00d0 V\u00c9LSKR\u00c1NINGSNUMMER? L\u00ddSING \u00c1 VARAHLUTA* HLA\u00d0A\u00d0U MYNDUM EF \u00deA\u00d0 GETUR HJ\u00c1LPA\u00d0 TIL A\u00d0 \u00deEKKJA R\u00c9TTAN \u00daTARHLUTASkr\u00e1r studdar: JPG, JPEG, PNG | H\u00e1marksst\u00e6r\u00f0: 5MB A\u00f0rar uppl\u00fdsingar UPPL\u00ddSINGAR UM FYRIRT\u00c6KI Nafn fyrirt\u00e6kis Au\u00f0kenni fyrirt\u00e6kis Heimilisfang P\u00f3stn\u00famer SAMBANDSUPPL\u00ddSINGAR \u00deITT NAFN KENITALA NETFANG* S\u00cdMAN\u00daMER* \u00c9g sam\u00feykki skilm\u00e1la og skilyr\u00f0i Sl\u00e1\u00f0u inn Captcha:<\/p>\n","protected":false},"author":1,"featured_media":0,"parent":0,"menu_order":8,"comment_status":"closed","ping_status":"closed","template":"","meta":{"_acf_changed":false,"footnotes":""},"class_list":["post-2007","page","type-page","status-publish","hentry"],"acf":[],"yoast_head":"<!-- This site is optimized with the Yoast SEO plugin v27.3 - https:\/\/yoast.com\/product\/yoast-seo-wordpress\/ -->\n<title>spare parts - Armar<\/title>\n<meta name=\"robots\" content=\"index, follow, max-snippet:-1, max-image-preview:large, max-video-preview:-1\" \/>\n<link rel=\"canonical\" href=\"https:\/\/armar.is\/en\/spare-parts\/\" \/>\n<meta property=\"og:locale\" content=\"en_US\" \/>\n<meta property=\"og:type\" content=\"article\" \/>\n<meta property=\"og:title\" content=\"spare parts - Armar\" \/>\n<meta property=\"og:description\" content=\"Varahlutir ERTU ME\u00d0 V\u00c9LSKR\u00c1NINGSNUMMER? L\u00ddSING \u00c1 VARAHLUTA* HLA\u00d0A\u00d0U MYNDUM EF \u00deA\u00d0 GETUR HJ\u00c1LPA\u00d0 TIL A\u00d0 \u00deEKKJA R\u00c9TTAN \u00daTARHLUTASkr\u00e1r studdar: JPG, JPEG, PNG | H\u00e1marksst\u00e6r\u00f0: 5MB A\u00f0rar uppl\u00fdsingar UPPL\u00ddSINGAR UM FYRIRT\u00c6KI Nafn fyrirt\u00e6kis Au\u00f0kenni fyrirt\u00e6kis Heimilisfang P\u00f3stn\u00famer SAMBANDSUPPL\u00ddSINGAR \u00deITT NAFN KENITALA NETFANG* S\u00cdMAN\u00daMER* \u00c9g sam\u00feykki skilm\u00e1la og skilyr\u00f0i Sl\u00e1\u00f0u inn Captcha:\" \/>\n<meta property=\"og:url\" content=\"https:\/\/armar.is\/en\/spare-parts\/\" \/>\n<meta property=\"og:site_name\" content=\"Armar\" \/>\n<meta property=\"article:publisher\" content=\"https:\/\/www.facebook.com\/armarvinnuvelar\" \/>\n<meta property=\"article:modified_time\" content=\"2025-01-19T18:18:56+00:00\" \/>\n<meta property=\"og:image\" content=\"https:\/\/armar.is\/wp-content\/uploads\/wpcf7_captcha\/1772010553.png\" \/>\n<meta name=\"twitter:card\" content=\"summary_large_image\" \/>\n<meta name=\"twitter:label1\" content=\"Est. reading time\" \/>\n\t<meta name=\"twitter:data1\" content=\"1 minute\" \/>\n<script type=\"application\/ld+json\" class=\"yoast-schema-graph\">{\"@context\":\"https:\\\/\\\/schema.org\",\"@graph\":[{\"@type\":\"WebPage\",\"@id\":\"https:\\\/\\\/armar.is\\\/en\\\/spare-parts\\\/\",\"url\":\"https:\\\/\\\/armar.is\\\/en\\\/spare-parts\\\/\",\"name\":\"spare parts - Armar\",\"isPartOf\":{\"@id\":\"https:\\\/\\\/armar.is\\\/en\\\/#website\"},\"primaryImageOfPage\":{\"@id\":\"https:\\\/\\\/armar.is\\\/en\\\/spare-parts\\\/#primaryimage\"},\"image\":{\"@id\":\"https:\\\/\\\/armar.is\\\/en\\\/spare-parts\\\/#primaryimage\"},\"thumbnailUrl\":\"https:\\\/\\\/armar.is\\\/wp-content\\\/uploads\\\/wpcf7_captcha\\\/1772010553.png\",\"datePublished\":\"2024-07-06T16:12:51+00:00\",\"dateModified\":\"2025-01-19T18:18:56+00:00\",\"breadcrumb\":{\"@id\":\"https:\\\/\\\/armar.is\\\/en\\\/spare-parts\\\/#breadcrumb\"},\"inLanguage\":\"en-US\",\"potentialAction\":[{\"@type\":\"ReadAction\",\"target\":[\"https:\\\/\\\/armar.is\\\/en\\\/spare-parts\\\/\"]}]},{\"@type\":\"ImageObject\",\"inLanguage\":\"en-US\",\"@id\":\"https:\\\/\\\/armar.is\\\/en\\\/spare-parts\\\/#primaryimage\",\"url\":\"https:\\\/\\\/armar.is\\\/wp-content\\\/uploads\\\/wpcf7_captcha\\\/1772010553.png\",\"contentUrl\":\"https:\\\/\\\/armar.is\\\/wp-content\\\/uploads\\\/wpcf7_captcha\\\/1772010553.png\"},{\"@type\":\"BreadcrumbList\",\"@id\":\"https:\\\/\\\/armar.is\\\/en\\\/spare-parts\\\/#breadcrumb\",\"itemListElement\":[{\"@type\":\"ListItem\",\"position\":1,\"name\":\"Home\",\"item\":\"https:\\\/\\\/armar.is\\\/en\\\/\"},{\"@type\":\"ListItem\",\"position\":2,\"name\":\"spare parts\"}]},{\"@type\":\"WebSite\",\"@id\":\"https:\\\/\\\/armar.is\\\/en\\\/#website\",\"url\":\"https:\\\/\\\/armar.is\\\/en\\\/\",\"name\":\"Armar\",\"description\":\"Vi\u00f0 byggjum \u00e1 reynslunni!\",\"publisher\":{\"@id\":\"https:\\\/\\\/armar.is\\\/en\\\/#organization\"},\"potentialAction\":[{\"@type\":\"SearchAction\",\"target\":{\"@type\":\"EntryPoint\",\"urlTemplate\":\"https:\\\/\\\/armar.is\\\/en\\\/?s={search_term_string}\"},\"query-input\":{\"@type\":\"PropertyValueSpecification\",\"valueRequired\":true,\"valueName\":\"search_term_string\"}}],\"inLanguage\":\"en-US\"},{\"@type\":\"Organization\",\"@id\":\"https:\\\/\\\/armar.is\\\/en\\\/#organization\",\"name\":\"Armar.is\",\"url\":\"https:\\\/\\\/armar.is\\\/en\\\/\",\"logo\":{\"@type\":\"ImageObject\",\"inLanguage\":\"en-US\",\"@id\":\"https:\\\/\\\/armar.is\\\/en\\\/#\\\/schema\\\/logo\\\/image\\\/\",\"url\":\"https:\\\/\\\/armar.is\\\/wp-content\\\/uploads\\\/2023\\\/06\\\/Armar-Logo.svg\",\"contentUrl\":\"https:\\\/\\\/armar.is\\\/wp-content\\\/uploads\\\/2023\\\/06\\\/Armar-Logo.svg\",\"width\":200,\"height\":40,\"caption\":\"Armar.is\"},\"image\":{\"@id\":\"https:\\\/\\\/armar.is\\\/en\\\/#\\\/schema\\\/logo\\\/image\\\/\"},\"sameAs\":[\"https:\\\/\\\/www.facebook.com\\\/armarvinnuvelar\"]}]}<\/script>\n<!-- \/ Yoast SEO plugin. -->","yoast_head_json":{"title":"spare parts - Armar","robots":{"index":"index","follow":"follow","max-snippet":"max-snippet:-1","max-image-preview":"max-image-preview:large","max-video-preview":"max-video-preview:-1"},"canonical":"https:\/\/armar.is\/en\/spare-parts\/","og_locale":"en_US","og_type":"article","og_title":"spare parts - Armar","og_description":"Varahlutir ERTU ME\u00d0 V\u00c9LSKR\u00c1NINGSNUMMER? L\u00ddSING \u00c1 VARAHLUTA* HLA\u00d0A\u00d0U MYNDUM EF \u00deA\u00d0 GETUR HJ\u00c1LPA\u00d0 TIL A\u00d0 \u00deEKKJA R\u00c9TTAN \u00daTARHLUTASkr\u00e1r studdar: JPG, JPEG, PNG | H\u00e1marksst\u00e6r\u00f0: 5MB A\u00f0rar uppl\u00fdsingar UPPL\u00ddSINGAR UM FYRIRT\u00c6KI Nafn fyrirt\u00e6kis Au\u00f0kenni fyrirt\u00e6kis Heimilisfang P\u00f3stn\u00famer SAMBANDSUPPL\u00ddSINGAR \u00deITT NAFN KENITALA NETFANG* S\u00cdMAN\u00daMER* \u00c9g sam\u00feykki skilm\u00e1la og skilyr\u00f0i Sl\u00e1\u00f0u inn Captcha:","og_url":"https:\/\/armar.is\/en\/spare-parts\/","og_site_name":"Armar","article_publisher":"https:\/\/www.facebook.com\/armarvinnuvelar","article_modified_time":"2025-01-19T18:18:56+00:00","og_image":[{"url":"https:\/\/armar.is\/wp-content\/uploads\/wpcf7_captcha\/1772010553.png","type":"","width":"","height":""}],"twitter_card":"summary_large_image","twitter_misc":{"Est. reading time":"1 minute"},"schema":{"@context":"https:\/\/schema.org","@graph":[{"@type":"WebPage","@id":"https:\/\/armar.is\/en\/spare-parts\/","url":"https:\/\/armar.is\/en\/spare-parts\/","name":"spare parts - Armar","isPartOf":{"@id":"https:\/\/armar.is\/en\/#website"},"primaryImageOfPage":{"@id":"https:\/\/armar.is\/en\/spare-parts\/#primaryimage"},"image":{"@id":"https:\/\/armar.is\/en\/spare-parts\/#primaryimage"},"thumbnailUrl":"https:\/\/armar.is\/wp-content\/uploads\/wpcf7_captcha\/1772010553.png","datePublished":"2024-07-06T16:12:51+00:00","dateModified":"2025-01-19T18:18:56+00:00","breadcrumb":{"@id":"https:\/\/armar.is\/en\/spare-parts\/#breadcrumb"},"inLanguage":"en-US","potentialAction":[{"@type":"ReadAction","target":["https:\/\/armar.is\/en\/spare-parts\/"]}]},{"@type":"ImageObject","inLanguage":"en-US","@id":"https:\/\/armar.is\/en\/spare-parts\/#primaryimage","url":"https:\/\/armar.is\/wp-content\/uploads\/wpcf7_captcha\/1772010553.png","contentUrl":"https:\/\/armar.is\/wp-content\/uploads\/wpcf7_captcha\/1772010553.png"},{"@type":"BreadcrumbList","@id":"https:\/\/armar.is\/en\/spare-parts\/#breadcrumb","itemListElement":[{"@type":"ListItem","position":1,"name":"Home","item":"https:\/\/armar.is\/en\/"},{"@type":"ListItem","position":2,"name":"spare parts"}]},{"@type":"WebSite","@id":"https:\/\/armar.is\/en\/#website","url":"https:\/\/armar.is\/en\/","name":"Armar","description":"Vi\u00f0 byggjum \u00e1 reynslunni!","publisher":{"@id":"https:\/\/armar.is\/en\/#organization"},"potentialAction":[{"@type":"SearchAction","target":{"@type":"EntryPoint","urlTemplate":"https:\/\/armar.is\/en\/?s={search_term_string}"},"query-input":{"@type":"PropertyValueSpecification","valueRequired":true,"valueName":"search_term_string"}}],"inLanguage":"en-US"},{"@type":"Organization","@id":"https:\/\/armar.is\/en\/#organization","name":"Armar.is","url":"https:\/\/armar.is\/en\/","logo":{"@type":"ImageObject","inLanguage":"en-US","@id":"https:\/\/armar.is\/en\/#\/schema\/logo\/image\/","url":"https:\/\/armar.is\/wp-content\/uploads\/2023\/06\/Armar-Logo.svg","contentUrl":"https:\/\/armar.is\/wp-content\/uploads\/2023\/06\/Armar-Logo.svg","width":200,"height":40,"caption":"Armar.is"},"image":{"@id":"https:\/\/armar.is\/en\/#\/schema\/logo\/image\/"},"sameAs":["https:\/\/www.facebook.com\/armarvinnuvelar"]}]}},"_links":{"self":[{"href":"https:\/\/armar.is\/en\/wp-json\/wp\/v2\/pages\/2007","targetHints":{"allow":["GET"]}}],"collection":[{"href":"https:\/\/armar.is\/en\/wp-json\/wp\/v2\/pages"}],"about":[{"href":"https:\/\/armar.is\/en\/wp-json\/wp\/v2\/types\/page"}],"author":[{"embeddable":true,"href":"https:\/\/armar.is\/en\/wp-json\/wp\/v2\/users\/1"}],"replies":[{"embeddable":true,"href":"https:\/\/armar.is\/en\/wp-json\/wp\/v2\/comments?post=2007"}],"version-history":[{"count":0,"href":"https:\/\/armar.is\/en\/wp-json\/wp\/v2\/pages\/2007\/revisions"}],"wp:attachment":[{"href":"https:\/\/armar.is\/en\/wp-json\/wp\/v2\/media?parent=2007"}],"curies":[{"name":"wp","href":"https:\/\/api.w.org\/{rel}","templated":true}]}}