{"id":2008,"date":"2024-07-06T16:13:44","date_gmt":"2024-07-06T16:13:44","guid":{"rendered":"https:\/\/armar.is\/rent\/"},"modified":"2025-02-28T12:49:45","modified_gmt":"2025-02-28T12:49:45","slug":"rent","status":"publish","type":"page","link":"https:\/\/armar.is\/en\/rent\/","title":{"rendered":"Rent"},"content":{"rendered":"\t\t<div data-elementor-type=\"wp-page\" data-elementor-id=\"2008\" class=\"elementor elementor-2008 elementor-2006\" data-elementor-post-type=\"page\">\n\t\t\t\t\t\t<section class=\"elementor-section elementor-top-section elementor-element elementor-element-457eb6e1 elementor-section-boxed elementor-section-height-default elementor-section-height-default\" data-id=\"457eb6e1\" data-element_type=\"section\" data-e-type=\"section\" data-settings=\"{&quot;background_background&quot;:&quot;classic&quot;}\">\n\t\t\t\t\t\t\t<div class=\"elementor-background-overlay\"><\/div>\n\t\t\t\t\t\t\t<div class=\"elementor-container elementor-column-gap-default\">\n\t\t\t\t\t<div class=\"elementor-column elementor-col-100 elementor-top-column elementor-element elementor-element-d1ca3d4\" data-id=\"d1ca3d4\" data-element_type=\"column\" data-e-type=\"column\">\n\t\t\t<div class=\"elementor-widget-wrap elementor-element-populated\">\n\t\t\t\t\t\t<section class=\"elementor-section elementor-inner-section elementor-element elementor-element-58e6b53b elementor-section-content-middle elementor-section-boxed elementor-section-height-default elementor-section-height-default\" data-id=\"58e6b53b\" data-element_type=\"section\" data-e-type=\"section\">\n\t\t\t\t\t\t<div class=\"elementor-container elementor-column-gap-default\">\n\t\t\t\t\t<div class=\"elementor-column elementor-col-50 elementor-inner-column elementor-element elementor-element-61501d77\" data-id=\"61501d77\" data-element_type=\"column\" data-e-type=\"column\">\n\t\t\t<div class=\"elementor-widget-wrap elementor-element-populated\">\n\t\t\t\t\t\t<div class=\"elementor-element elementor-element-355b7b52 banner-heading elementor-widget elementor-widget-heading\" data-id=\"355b7b52\" data-element_type=\"widget\" data-e-type=\"widget\" data-aos=\"fade-down\" data-aos-delay=\"50\" data-widget_type=\"heading.default\">\n\t\t\t\t<div class=\"elementor-widget-container\">\n\t\t\t\t\t<h1 class=\"elementor-heading-title elementor-size-default\">Rent<\/h1>\t\t\t\t<\/div>\n\t\t\t\t<\/div>\n\t\t\t\t\t<\/div>\n\t\t<\/div>\n\t\t\t\t<div class=\"elementor-column elementor-col-50 elementor-inner-column elementor-element elementor-element-37439358\" data-id=\"37439358\" data-element_type=\"column\" data-e-type=\"column\">\n\t\t\t<div class=\"elementor-widget-wrap\">\n\t\t\t\t\t\t\t<\/div>\n\t\t<\/div>\n\t\t\t\t\t<\/div>\n\t\t<\/section>\n\t\t\t\t\t<\/div>\n\t\t<\/div>\n\t\t\t\t\t<\/div>\n\t\t<\/section>\n\t\t\t\t<section class=\"elementor-section elementor-top-section elementor-element elementor-element-19e7cee elementor-section-boxed elementor-section-height-default elementor-section-height-default\" data-id=\"19e7cee\" data-element_type=\"section\" data-e-type=\"section\">\n\t\t\t\t\t\t<div class=\"elementor-container elementor-column-gap-default\">\n\t\t\t\t\t<div class=\"elementor-column elementor-col-100 elementor-top-column elementor-element elementor-element-754df37\" data-id=\"754df37\" data-element_type=\"column\" data-e-type=\"column\">\n\t\t\t<div class=\"elementor-widget-wrap elementor-element-populated\">\n\t\t\t\t\t\t<div class=\"elementor-element elementor-element-aa454e9 elementor-widget__width-initial elementor-widget elementor-widget-heading\" data-id=\"aa454e9\" data-element_type=\"widget\" data-e-type=\"widget\" data-widget_type=\"heading.default\">\n\t\t\t\t<div class=\"elementor-widget-container\">\n\t\t\t\t\t<h2 class=\"elementor-heading-title elementor-size-default\">FILL OUT THE FORM TO GET A QUOTE OR MORE INFORMATION<\/h2>\t\t\t\t<\/div>\n\t\t\t\t<\/div>\n\t\t\t\t<div class=\"elementor-element elementor-element-50c1fab elementor-widget elementor-widget-elementskit-contact-form7\" data-id=\"50c1fab\" data-element_type=\"widget\" data-e-type=\"widget\" data-widget_type=\"elementskit-contact-form7.default\">\n\t\t\t\t<div class=\"elementor-widget-container\">\n\t\t\t\t\t<div class=\"ekit-wid-con\" ><div class=\"ekit-form\">\n<div class=\"wpcf7 no-js\" id=\"wpcf7-f2010-p2008-o1\" lang=\"en-US\" dir=\"ltr\" data-wpcf7-id=\"2010\">\n<div class=\"screen-reader-response\"><p role=\"status\" aria-live=\"polite\" aria-atomic=\"true\"><\/p> <ul><\/ul><\/div>\n<form action=\"\/en\/rent\/#wpcf7-f2010-p2008-o1\" method=\"post\" class=\"wpcf7-form init\" aria-label=\"Contact form\" novalidate=\"novalidate\" data-status=\"init\">\n<fieldset class=\"hidden-fields-container\"><input type=\"hidden\" name=\"_wpcf7\" value=\"2010\" \/><input type=\"hidden\" name=\"_wpcf7_version\" value=\"6.1.5\" \/><input type=\"hidden\" name=\"_wpcf7_locale\" value=\"en_US\" \/><input type=\"hidden\" name=\"_wpcf7_unit_tag\" value=\"wpcf7-f2010-p2008-o1\" \/><input type=\"hidden\" name=\"_wpcf7_container_post\" value=\"2008\" \/><input type=\"hidden\" name=\"_wpcf7_posted_data_hash\" value=\"\" \/><input type=\"hidden\" name=\"_wpcf7dtx_version\" value=\"5.0.5\" \/><input type=\"hidden\" name=\"_wpcf7_recaptcha_response\" value=\"\" \/>\n<\/fieldset>\n<div id=\"form\" class=\"clearfix\">\n\t<div class=\"form-row\">\n\t\t<h4>RENTAL INFORMATION\n\t\t<\/h4>\n\t<\/div>\n\t<div class=\"form-row\">\n\t\t<div class=\"column-full\">\n\t\t\t<p><label>WHAT DO YOU WANT TO RENT? <sup>*<\/sup><\/label><span class=\"wpcf7-form-control-wrap\" data-name=\"machine_name\"><input size=\"40\" maxlength=\"400\" class=\"wpcf7-form-control wpcf7-text wpcf7-validates-as-required\" id=\"machine_name\" aria-required=\"true\" aria-invalid=\"false\" value=\"\" type=\"text\" name=\"machine_name\" \/><\/span>\n\t\t\t<\/p>\n\t\t<\/div>\n\t<\/div>\n\t<div class=\"form-row\">\n\t\t<div class=\"column-half\">\n\t\t\t<p><label>NUMBER<\/label><span class=\"wpcf7-form-control-wrap\" data-name=\"qty\"><input class=\"wpcf7-form-control wpcf7-number wpcf7-validates-as-required wpcf7-validates-as-number\" min=\"1\" max=\"100\" aria-required=\"true\" aria-invalid=\"false\" value=\"\" type=\"number\" name=\"qty\" \/><\/span>\n\t\t\t<\/p>\n\t\t<\/div>\n\t\t<div class=\"column-half\">\n\t\t\t<p><label>When would you like to start the rental? <sup>*<\/sup> <\/label><span class=\"wpcf7-form-control-wrap\" data-name=\"pickup_date\"><input class=\"wpcf7-form-control wpcf7-date wpcf7-validates-as-required wpcf7-validates-as-date\" id=\"datePicker\" min=\"2026-04-16\" aria-required=\"true\" aria-invalid=\"false\" value=\"\" type=\"date\" name=\"pickup_date\" \/><\/span>\n\t\t\t<\/p>\n\t\t<\/div>\n\t<\/div>\n\t<div class=\"form-row\">\n\t\t<div class=\"column-full radio_options\">\n\t\t\t<p><label>DO YOU WANT A TRANSPORTATION?:<\/label><span class=\"wpcf7-form-control-wrap\" data-name=\"need_trans\"><span class=\"wpcf7-form-control wpcf7-radio\"><span class=\"wpcf7-list-item first\"><label><input type=\"radio\" name=\"need_trans\" value=\"Yes \u2013 willing to receive more information\" \/><span class=\"wpcf7-list-item-label\">Yes \u2013 willing to receive more information<\/span><\/label><\/span><span class=\"wpcf7-list-item last\"><label><input type=\"radio\" name=\"need_trans\" value=\"No \u2013 will pick up and deliver to you\" \/><span class=\"wpcf7-list-item-label\">No \u2013 will pick up and deliver to you<\/span><\/label><\/span><\/span><\/span>\n\t\t\t<\/p>\n\t\t<\/div>\n\t<\/div>\n\t<div class=\"form-row\">\n\t\t<h4>COMPANY INFORMATION\n\t\t<\/h4>\n\t<\/div>\n\t<div class=\"form-row\">\n\t\t<div class=\"column-half\">\n\t\t\t<p><label>COMPANY NAME <\/label><span class=\"wpcf7-form-control-wrap\" data-name=\"company_name\"><input size=\"40\" maxlength=\"400\" class=\"wpcf7-form-control wpcf7-text\" aria-invalid=\"false\" value=\"\" type=\"text\" name=\"company_name\" \/><\/span>\n\t\t\t<\/p>\n\t\t<\/div>\n\t\t<div class=\"column-half\">\n\t\t\t<p><label>COMPANY IDENTIFICATION NUMBER<\/label><span class=\"wpcf7-form-control-wrap\" data-name=\"company_id\"><input class=\"wpcf7-form-control wpcf7-number wpcf7-validates-as-number\" aria-invalid=\"false\" value=\"\" type=\"number\" name=\"company_id\" \/><\/span>\n\t\t\t<\/p>\n\t\t<\/div>\n\t<\/div>\n\t<div class=\"form-row\">\n\t\t<h4>CONTACT INFORMATION\n\t\t<\/h4>\n\t<\/div>\n\t<div class=\"form-row\">\n\t\t<div class=\"column-full\">\n\t\t\t<p><label>YOUR NAME <sup>*<\/sup><\/label><span class=\"wpcf7-form-control-wrap\" data-name=\"contact_name\"><input size=\"40\" maxlength=\"400\" class=\"wpcf7-form-control wpcf7-text wpcf7-validates-as-required\" aria-required=\"true\" aria-invalid=\"false\" value=\"\" type=\"text\" name=\"contact_name\" \/><\/span>\n\t\t\t<\/p>\n\t\t<\/div>\n\t<\/div>\n\t<div class=\"form-row\">\n\t\t<div class=\"column-half\">\n\t\t\t<p><label>WEBSITE ADDRESS <sup>*<\/sup><\/label><span class=\"wpcf7-form-control-wrap\" data-name=\"contact_email\"><input size=\"40\" maxlength=\"400\" class=\"wpcf7-form-control wpcf7-email wpcf7-validates-as-required wpcf7-text wpcf7-validates-as-email\" aria-required=\"true\" aria-invalid=\"false\" value=\"\" type=\"email\" name=\"contact_email\" \/><\/span>\n\t\t\t<\/p>\n\t\t<\/div>\n\t\t<div class=\"column-half\">\n\t\t\t<p><label>PHONE NUMBER <sup>*<\/sup><\/label><span class=\"wpcf7-form-control-wrap\" data-name=\"contact_phone\"><input size=\"40\" maxlength=\"400\" class=\"wpcf7-form-control wpcf7-tel wpcf7-validates-as-required wpcf7-text wpcf7-validates-as-tel\" aria-required=\"true\" aria-invalid=\"false\" value=\"\" type=\"tel\" name=\"contact_phone\" \/><\/span>\n\t\t\t<\/p>\n\t\t<\/div>\n\t<\/div>\n\t<div class=\"form-row\">\n\t\t<div class=\"column-full consent\">\n\t\t\t<p><span class=\"wpcf7-form-control-wrap\" data-name=\"terms\"><span class=\"wpcf7-form-control wpcf7-checkbox wpcf7-validates-as-required check\"><span class=\"wpcf7-list-item first last\"><input type=\"checkbox\" name=\"terms[]\" value=\"I accept the terms and conditions\" checked=\"checked\" \/><span class=\"wpcf7-list-item-label\">I accept the terms and conditions<\/span><\/span><\/span><\/span>\n\t\t\t<\/p>\n\t\t<\/div>\n\t<\/div>\n\t<div class=\"form-row\">\n\t\t<div class=\"column-full btn-row\">\n\t\t\t<p><input class=\"wpcf7-form-control wpcf7-submit has-spinner\" type=\"submit\" value=\"SEND\" \/>\n\t\t\t<\/p>\n\t\t<\/div>\n\t<\/div>\n<\/div><div class=\"wpcf7-response-output\" aria-hidden=\"true\"><\/div>\n<\/form>\n<\/div>\n<\/div><\/div>\t\t\t\t<\/div>\n\t\t\t\t<\/div>\n\t\t\t\t\t<\/div>\n\t\t<\/div>\n\t\t\t\t\t<\/div>\n\t\t<\/section>\n\t\t\t\t<\/div>\n\t\t","protected":false},"excerpt":{"rendered":"<p>FILL OUT THE FORM TO GET A QUOTE OR MORE INFORMATION UPPL\u00ddSINGAR UM LEIGU HVA\u00d0 VILTU LEIGJA?* FJ\u00d6LDI Hven\u00e6r viltu hefja leiguna? * VILT \u00de\u00da F\u00c1 FLUTNING?:J\u00e1 \u2013 til \u00ed a\u00f0 f\u00e1 frekari uppl\u00fdsingarNei \u2013 mun s\u00e6kja og skila til ykkar UPPL\u00ddSINGAR UM FYRIRT\u00c6KI NAFN FYRIRT\u00c6KIS KENNITALA FYRIRT\u00c6KIS UPPL\u00ddSINGAR UM TENGILI\u00d0 NAFN \u00deITT * NETFANG* [&hellip;]<\/p>\n","protected":false},"author":1,"featured_media":0,"parent":0,"menu_order":6,"comment_status":"closed","ping_status":"closed","template":"","meta":{"_acf_changed":false,"footnotes":""},"class_list":["post-2008","page","type-page","status-publish","hentry"],"acf":[],"yoast_head":"<!-- This site is optimized with the Yoast SEO plugin v27.4 - https:\/\/yoast.com\/product\/yoast-seo-wordpress\/ -->\n<title>Rent - Armar<\/title>\n<meta name=\"robots\" content=\"index, follow, max-snippet:-1, max-image-preview:large, max-video-preview:-1\" \/>\n<link rel=\"canonical\" href=\"https:\/\/armar.is\/en\/rent\/\" \/>\n<meta property=\"og:locale\" content=\"en_US\" \/>\n<meta property=\"og:type\" content=\"article\" \/>\n<meta property=\"og:title\" content=\"Rent - Armar\" \/>\n<meta property=\"og:description\" content=\"FILL OUT THE FORM TO GET A QUOTE OR MORE INFORMATION UPPL\u00ddSINGAR UM LEIGU HVA\u00d0 VILTU LEIGJA?* FJ\u00d6LDI Hven\u00e6r viltu hefja leiguna? * VILT \u00de\u00da F\u00c1 FLUTNING?:J\u00e1 \u2013 til \u00ed a\u00f0 f\u00e1 frekari uppl\u00fdsingarNei \u2013 mun s\u00e6kja og skila til ykkar UPPL\u00ddSINGAR UM FYRIRT\u00c6KI NAFN FYRIRT\u00c6KIS KENNITALA FYRIRT\u00c6KIS UPPL\u00ddSINGAR UM TENGILI\u00d0 NAFN \u00deITT * NETFANG* [&hellip;]\" \/>\n<meta property=\"og:url\" content=\"https:\/\/armar.is\/en\/rent\/\" \/>\n<meta property=\"og:site_name\" content=\"Armar\" \/>\n<meta property=\"article:publisher\" content=\"https:\/\/www.facebook.com\/armarvinnuvelar\" \/>\n<meta property=\"article:modified_time\" content=\"2025-02-28T12:49:45+00:00\" \/>\n<meta property=\"og:image\" content=\"https:\/\/armar.is\/wp-content\/uploads\/wpcf7_captcha\/1287728579.png\" \/>\n<meta name=\"twitter:card\" content=\"summary_large_image\" \/>\n<meta name=\"twitter:label1\" content=\"Est. reading time\" \/>\n\t<meta name=\"twitter:data1\" content=\"1 minute\" \/>\n<script type=\"application\/ld+json\" class=\"yoast-schema-graph\">{\"@context\":\"https:\\\/\\\/schema.org\",\"@graph\":[{\"@type\":\"WebPage\",\"@id\":\"https:\\\/\\\/armar.is\\\/en\\\/rent\\\/\",\"url\":\"https:\\\/\\\/armar.is\\\/en\\\/rent\\\/\",\"name\":\"Rent - Armar\",\"isPartOf\":{\"@id\":\"https:\\\/\\\/armar.is\\\/en\\\/#website\"},\"primaryImageOfPage\":{\"@id\":\"https:\\\/\\\/armar.is\\\/en\\\/rent\\\/#primaryimage\"},\"image\":{\"@id\":\"https:\\\/\\\/armar.is\\\/en\\\/rent\\\/#primaryimage\"},\"thumbnailUrl\":\"https:\\\/\\\/armar.is\\\/wp-content\\\/uploads\\\/wpcf7_captcha\\\/1287728579.png\",\"datePublished\":\"2024-07-06T16:13:44+00:00\",\"dateModified\":\"2025-02-28T12:49:45+00:00\",\"breadcrumb\":{\"@id\":\"https:\\\/\\\/armar.is\\\/en\\\/rent\\\/#breadcrumb\"},\"inLanguage\":\"en-US\",\"potentialAction\":[{\"@type\":\"ReadAction\",\"target\":[\"https:\\\/\\\/armar.is\\\/en\\\/rent\\\/\"]}]},{\"@type\":\"ImageObject\",\"inLanguage\":\"en-US\",\"@id\":\"https:\\\/\\\/armar.is\\\/en\\\/rent\\\/#primaryimage\",\"url\":\"https:\\\/\\\/armar.is\\\/wp-content\\\/uploads\\\/wpcf7_captcha\\\/1287728579.png\",\"contentUrl\":\"https:\\\/\\\/armar.is\\\/wp-content\\\/uploads\\\/wpcf7_captcha\\\/1287728579.png\"},{\"@type\":\"BreadcrumbList\",\"@id\":\"https:\\\/\\\/armar.is\\\/en\\\/rent\\\/#breadcrumb\",\"itemListElement\":[{\"@type\":\"ListItem\",\"position\":1,\"name\":\"Home\",\"item\":\"https:\\\/\\\/armar.is\\\/en\\\/\"},{\"@type\":\"ListItem\",\"position\":2,\"name\":\"Rent\"}]},{\"@type\":\"WebSite\",\"@id\":\"https:\\\/\\\/armar.is\\\/en\\\/#website\",\"url\":\"https:\\\/\\\/armar.is\\\/en\\\/\",\"name\":\"Armar\",\"description\":\"Vi\u00f0 byggjum \u00e1 reynslunni!\",\"publisher\":{\"@id\":\"https:\\\/\\\/armar.is\\\/en\\\/#organization\"},\"potentialAction\":[{\"@type\":\"SearchAction\",\"target\":{\"@type\":\"EntryPoint\",\"urlTemplate\":\"https:\\\/\\\/armar.is\\\/en\\\/?s={search_term_string}\"},\"query-input\":{\"@type\":\"PropertyValueSpecification\",\"valueRequired\":true,\"valueName\":\"search_term_string\"}}],\"inLanguage\":\"en-US\"},{\"@type\":\"Organization\",\"@id\":\"https:\\\/\\\/armar.is\\\/en\\\/#organization\",\"name\":\"Armar.is\",\"url\":\"https:\\\/\\\/armar.is\\\/en\\\/\",\"logo\":{\"@type\":\"ImageObject\",\"inLanguage\":\"en-US\",\"@id\":\"https:\\\/\\\/armar.is\\\/en\\\/#\\\/schema\\\/logo\\\/image\\\/\",\"url\":\"https:\\\/\\\/armar.is\\\/wp-content\\\/uploads\\\/2023\\\/06\\\/Armar-Logo.svg\",\"contentUrl\":\"https:\\\/\\\/armar.is\\\/wp-content\\\/uploads\\\/2023\\\/06\\\/Armar-Logo.svg\",\"width\":200,\"height\":40,\"caption\":\"Armar.is\"},\"image\":{\"@id\":\"https:\\\/\\\/armar.is\\\/en\\\/#\\\/schema\\\/logo\\\/image\\\/\"},\"sameAs\":[\"https:\\\/\\\/www.facebook.com\\\/armarvinnuvelar\"]}]}<\/script>\n<!-- \/ Yoast SEO plugin. -->","yoast_head_json":{"title":"Rent - Armar","robots":{"index":"index","follow":"follow","max-snippet":"max-snippet:-1","max-image-preview":"max-image-preview:large","max-video-preview":"max-video-preview:-1"},"canonical":"https:\/\/armar.is\/en\/rent\/","og_locale":"en_US","og_type":"article","og_title":"Rent - Armar","og_description":"FILL OUT THE FORM TO GET A QUOTE OR MORE INFORMATION UPPL\u00ddSINGAR UM LEIGU HVA\u00d0 VILTU LEIGJA?* FJ\u00d6LDI Hven\u00e6r viltu hefja leiguna? * VILT \u00de\u00da F\u00c1 FLUTNING?:J\u00e1 \u2013 til \u00ed a\u00f0 f\u00e1 frekari uppl\u00fdsingarNei \u2013 mun s\u00e6kja og skila til ykkar UPPL\u00ddSINGAR UM FYRIRT\u00c6KI NAFN FYRIRT\u00c6KIS KENNITALA FYRIRT\u00c6KIS UPPL\u00ddSINGAR UM TENGILI\u00d0 NAFN \u00deITT * NETFANG* [&hellip;]","og_url":"https:\/\/armar.is\/en\/rent\/","og_site_name":"Armar","article_publisher":"https:\/\/www.facebook.com\/armarvinnuvelar","article_modified_time":"2025-02-28T12:49:45+00:00","og_image":[{"url":"https:\/\/armar.is\/wp-content\/uploads\/wpcf7_captcha\/1287728579.png","type":"","width":"","height":""}],"twitter_card":"summary_large_image","twitter_misc":{"Est. reading time":"1 minute"},"schema":{"@context":"https:\/\/schema.org","@graph":[{"@type":"WebPage","@id":"https:\/\/armar.is\/en\/rent\/","url":"https:\/\/armar.is\/en\/rent\/","name":"Rent - Armar","isPartOf":{"@id":"https:\/\/armar.is\/en\/#website"},"primaryImageOfPage":{"@id":"https:\/\/armar.is\/en\/rent\/#primaryimage"},"image":{"@id":"https:\/\/armar.is\/en\/rent\/#primaryimage"},"thumbnailUrl":"https:\/\/armar.is\/wp-content\/uploads\/wpcf7_captcha\/1287728579.png","datePublished":"2024-07-06T16:13:44+00:00","dateModified":"2025-02-28T12:49:45+00:00","breadcrumb":{"@id":"https:\/\/armar.is\/en\/rent\/#breadcrumb"},"inLanguage":"en-US","potentialAction":[{"@type":"ReadAction","target":["https:\/\/armar.is\/en\/rent\/"]}]},{"@type":"ImageObject","inLanguage":"en-US","@id":"https:\/\/armar.is\/en\/rent\/#primaryimage","url":"https:\/\/armar.is\/wp-content\/uploads\/wpcf7_captcha\/1287728579.png","contentUrl":"https:\/\/armar.is\/wp-content\/uploads\/wpcf7_captcha\/1287728579.png"},{"@type":"BreadcrumbList","@id":"https:\/\/armar.is\/en\/rent\/#breadcrumb","itemListElement":[{"@type":"ListItem","position":1,"name":"Home","item":"https:\/\/armar.is\/en\/"},{"@type":"ListItem","position":2,"name":"Rent"}]},{"@type":"WebSite","@id":"https:\/\/armar.is\/en\/#website","url":"https:\/\/armar.is\/en\/","name":"Armar","description":"Vi\u00f0 byggjum \u00e1 reynslunni!","publisher":{"@id":"https:\/\/armar.is\/en\/#organization"},"potentialAction":[{"@type":"SearchAction","target":{"@type":"EntryPoint","urlTemplate":"https:\/\/armar.is\/en\/?s={search_term_string}"},"query-input":{"@type":"PropertyValueSpecification","valueRequired":true,"valueName":"search_term_string"}}],"inLanguage":"en-US"},{"@type":"Organization","@id":"https:\/\/armar.is\/en\/#organization","name":"Armar.is","url":"https:\/\/armar.is\/en\/","logo":{"@type":"ImageObject","inLanguage":"en-US","@id":"https:\/\/armar.is\/en\/#\/schema\/logo\/image\/","url":"https:\/\/armar.is\/wp-content\/uploads\/2023\/06\/Armar-Logo.svg","contentUrl":"https:\/\/armar.is\/wp-content\/uploads\/2023\/06\/Armar-Logo.svg","width":200,"height":40,"caption":"Armar.is"},"image":{"@id":"https:\/\/armar.is\/en\/#\/schema\/logo\/image\/"},"sameAs":["https:\/\/www.facebook.com\/armarvinnuvelar"]}]}},"_links":{"self":[{"href":"https:\/\/armar.is\/en\/wp-json\/wp\/v2\/pages\/2008","targetHints":{"allow":["GET"]}}],"collection":[{"href":"https:\/\/armar.is\/en\/wp-json\/wp\/v2\/pages"}],"about":[{"href":"https:\/\/armar.is\/en\/wp-json\/wp\/v2\/types\/page"}],"author":[{"embeddable":true,"href":"https:\/\/armar.is\/en\/wp-json\/wp\/v2\/users\/1"}],"replies":[{"embeddable":true,"href":"https:\/\/armar.is\/en\/wp-json\/wp\/v2\/comments?post=2008"}],"version-history":[{"count":0,"href":"https:\/\/armar.is\/en\/wp-json\/wp\/v2\/pages\/2008\/revisions"}],"wp:attachment":[{"href":"https:\/\/armar.is\/en\/wp-json\/wp\/v2\/media?parent=2008"}],"curies":[{"name":"wp","href":"https:\/\/api.w.org\/{rel}","templated":true}]}}